{"id":1467,"date":"2015-10-21T13:49:18","date_gmt":"2015-10-21T12:49:18","guid":{"rendered":"https:\/\/www.hauller.fr\/en\/?page_id=1467"},"modified":"2015-11-25T14:40:53","modified_gmt":"2015-11-25T13:40:53","slug":"pinot-gris-selection-of-noble-grapes","status":"publish","type":"page","link":"https:\/\/www.hauller.fr\/en\/pinot-gris-selection-of-noble-grapes\/","title":{"rendered":"Pinot gris<span style=\"text-transform:none;\" > S\u00e9lection de Grains Nobles<\/span>"},"content":{"rendered":"<div id=\"bouteille-vin\">\n<div class=\"box1 fade-in-left one\">\n\t\t<img decoding=\"async\" src=\"https:\/\/www.hauller.fr\/wp-content\/uploads\/2015\/07\/pinot-gris-selection-grains-nobles.png\" alt=\"Alsace wines Pinot gris Selection of Noble Grapes\" \/>\n\t<\/div>\n<\/div>\n<div id=\"text-vin\" >\n<div class=\"fade-in-left two\">\n<h2>PINOT GRIS S\u00e9lection de Grains Nobles<\/h2>\n<p class=\"p-vin\" >The quintessence of over-matured Pinot Gris grapes. Elaborated from fruit roasted by the sun, this nectar evokes Christmas spices, stewed fruit, honey and nougat. Its beautiful golden colour is full of promise. And indeed, the taste intoxicates with unrivalled opulence and wealth. The first impression is syrupy, backed up by ample structure, but it is the fleshy, fruity finish that takes us closer to paradise.<\/p>\n<p><span class=\"hauller-color\">Food pairing :<\/span>  As an aperitif, foie gras with truffles, cr\u00e8me br\u00fbl\u00e9e with cinnamon.<\/p>\n<p><span class=\"hauller-color\">Serving temperature :<\/span>  Best enjoyed at 8\u00b0C<\/p>\n<\/p><\/div>\n<\/div>\n","protected":false},"excerpt":{"rendered":"<p>PINOT GRIS S\u00e9lection de Grains Nobles The quintessence of over-matured Pinot Gris grapes. Elaborated from fruit roasted by the sun, this nectar evokes Christmas spices, stewed fruit, honey and nougat. Its beautiful golden colour is full of promise. And indeed, the taste intoxicates with unrivalled opulence and wealth. The first impression is syrupy, backed up [&hellip;]<\/p>\n","protected":false},"author":3,"featured_media":1356,"parent":0,"menu_order":0,"comment_status":"open","ping_status":"open","template":"template-fullwidth.php","meta":{"footnotes":""},"class_list":["post-1467","page","type-page","status-publish","has-post-thumbnail","hentry"],"yoast_head":"<!-- This site is optimized with the Yoast SEO plugin v27.2 - https:\/\/yoast.com\/product\/yoast-seo-wordpress\/ -->\n<title>Pinot gris S\u00e9lection de Grains Nobles<\/title>\n<meta name=\"robots\" content=\"index, follow, max-snippet:-1, max-image-preview:large, max-video-preview:-1\" \/>\n<link rel=\"canonical\" href=\"https:\/\/www.hauller.fr\/en\/pinot-gris-selection-of-noble-grapes\/\" \/>\n<meta property=\"og:locale\" content=\"en_US\" \/>\n<meta property=\"og:type\" content=\"article\" \/>\n<meta property=\"og:title\" content=\"Pinot gris S\u00e9lection de Grains Nobles\" \/>\n<meta property=\"og:description\" content=\"PINOT GRIS S\u00e9lection de Grains Nobles The quintessence of over-matured Pinot Gris grapes. Elaborated from fruit roasted by the sun, this nectar evokes Christmas spices, stewed fruit, honey and nougat. Its beautiful golden colour is full of promise. And indeed, the taste intoxicates with unrivalled opulence and wealth. The first impression is syrupy, backed up [&hellip;]\" \/>\n<meta property=\"og:url\" content=\"https:\/\/www.hauller.fr\/en\/pinot-gris-selection-of-noble-grapes\/\" \/>\n<meta property=\"og:site_name\" content=\"vins d&#039;alsace de la Maison Hauller\" \/>\n<meta property=\"article:modified_time\" content=\"2015-11-25T13:40:53+00:00\" \/>\n<meta property=\"og:image\" content=\"https:\/\/www.hauller.fr\/wp-content\/uploads\/2014\/10\/Fotolia_33428581_L.jpg\" \/>\n\t<meta property=\"og:image:width\" content=\"1924\" \/>\n\t<meta property=\"og:image:height\" content=\"1924\" \/>\n\t<meta property=\"og:image:type\" content=\"image\/jpeg\" \/>\n<meta name=\"twitter:card\" content=\"summary_large_image\" \/>\n<script type=\"application\/ld+json\" class=\"yoast-schema-graph\">{\"@context\":\"https:\/\/schema.org\",\"@graph\":[{\"@type\":\"WebPage\",\"@id\":\"https:\/\/www.hauller.fr\/en\/pinot-gris-selection-of-noble-grapes\/\",\"url\":\"https:\/\/www.hauller.fr\/en\/pinot-gris-selection-of-noble-grapes\/\",\"name\":\"Pinot gris S\u00e9lection de Grains Nobles\",\"isPartOf\":{\"@id\":\"https:\/\/www.hauller.fr\/#website\"},\"primaryImageOfPage\":{\"@id\":\"https:\/\/www.hauller.fr\/en\/pinot-gris-selection-of-noble-grapes\/#primaryimage\"},\"image\":{\"@id\":\"https:\/\/www.hauller.fr\/en\/pinot-gris-selection-of-noble-grapes\/#primaryimage\"},\"thumbnailUrl\":\"https:\/\/www.hauller.fr\/wp-content\/uploads\/2014\/10\/Fotolia_33428581_L.jpg\",\"datePublished\":\"2015-10-21T12:49:18+00:00\",\"dateModified\":\"2015-11-25T13:40:53+00:00\",\"breadcrumb\":{\"@id\":\"https:\/\/www.hauller.fr\/en\/pinot-gris-selection-of-noble-grapes\/#breadcrumb\"},\"inLanguage\":\"en-US\",\"potentialAction\":[{\"@type\":\"ReadAction\",\"target\":[\"https:\/\/www.hauller.fr\/en\/pinot-gris-selection-of-noble-grapes\/\"]}]},{\"@type\":\"ImageObject\",\"inLanguage\":\"en-US\",\"@id\":\"https:\/\/www.hauller.fr\/en\/pinot-gris-selection-of-noble-grapes\/#primaryimage\",\"url\":\"https:\/\/www.hauller.fr\/wp-content\/uploads\/2014\/10\/Fotolia_33428581_L.jpg\",\"contentUrl\":\"https:\/\/www.hauller.fr\/wp-content\/uploads\/2014\/10\/Fotolia_33428581_L.jpg\",\"width\":1924,\"height\":1924},{\"@type\":\"BreadcrumbList\",\"@id\":\"https:\/\/www.hauller.fr\/en\/pinot-gris-selection-of-noble-grapes\/#breadcrumb\",\"itemListElement\":[{\"@type\":\"ListItem\",\"position\":1,\"name\":\"Accueil\",\"item\":\"https:\/\/www.hauller.fr\/en\/\"},{\"@type\":\"ListItem\",\"position\":2,\"name\":\"Pinot gris S\u00e9lection de Grains Nobles\"}]},{\"@type\":\"WebSite\",\"@id\":\"https:\/\/www.hauller.fr\/#website\",\"url\":\"https:\/\/www.hauller.fr\/\",\"name\":\"vins d&#039;alsace de la Maison Hauller\",\"description\":\"Venez d\u00e9couvrir les vins d&#039;exception alsaciens de la Maison Hauller fond\u00e9e en 1775\",\"publisher\":{\"@id\":\"https:\/\/www.hauller.fr\/#organization\"},\"potentialAction\":[{\"@type\":\"SearchAction\",\"target\":{\"@type\":\"EntryPoint\",\"urlTemplate\":\"https:\/\/www.hauller.fr\/?s={search_term_string}\"},\"query-input\":{\"@type\":\"PropertyValueSpecification\",\"valueRequired\":true,\"valueName\":\"search_term_string\"}}],\"inLanguage\":\"en-US\"},{\"@type\":\"Organization\",\"@id\":\"https:\/\/www.hauller.fr\/#organization\",\"name\":\"Hauller J. et Fils SA\",\"url\":\"https:\/\/www.hauller.fr\/\",\"logo\":{\"@type\":\"ImageObject\",\"inLanguage\":\"en-US\",\"@id\":\"https:\/\/www.hauller.fr\/#\/schema\/logo\/image\/\",\"url\":\"https:\/\/www.hauller.fr\/wp-content\/uploads\/2014\/10\/logo-maison-hauller_1701.png\",\"contentUrl\":\"https:\/\/www.hauller.fr\/wp-content\/uploads\/2014\/10\/logo-maison-hauller_1701.png\",\"width\":170,\"height\":140,\"caption\":\"Hauller J. et Fils SA\"},\"image\":{\"@id\":\"https:\/\/www.hauller.fr\/#\/schema\/logo\/image\/\"}}]}<\/script>\n<!-- \/ Yoast SEO plugin. -->","yoast_head_json":{"title":"Pinot gris S\u00e9lection de Grains Nobles","robots":{"index":"index","follow":"follow","max-snippet":"max-snippet:-1","max-image-preview":"max-image-preview:large","max-video-preview":"max-video-preview:-1"},"canonical":"https:\/\/www.hauller.fr\/en\/pinot-gris-selection-of-noble-grapes\/","og_locale":"en_US","og_type":"article","og_title":"Pinot gris S\u00e9lection de Grains Nobles","og_description":"PINOT GRIS S\u00e9lection de Grains Nobles The quintessence of over-matured Pinot Gris grapes. Elaborated from fruit roasted by the sun, this nectar evokes Christmas spices, stewed fruit, honey and nougat. Its beautiful golden colour is full of promise. And indeed, the taste intoxicates with unrivalled opulence and wealth. The first impression is syrupy, backed up [&hellip;]","og_url":"https:\/\/www.hauller.fr\/en\/pinot-gris-selection-of-noble-grapes\/","og_site_name":"vins d&#039;alsace de la Maison Hauller","article_modified_time":"2015-11-25T13:40:53+00:00","og_image":[{"width":1924,"height":1924,"url":"https:\/\/www.hauller.fr\/wp-content\/uploads\/2014\/10\/Fotolia_33428581_L.jpg","type":"image\/jpeg"}],"twitter_card":"summary_large_image","schema":{"@context":"https:\/\/schema.org","@graph":[{"@type":"WebPage","@id":"https:\/\/www.hauller.fr\/en\/pinot-gris-selection-of-noble-grapes\/","url":"https:\/\/www.hauller.fr\/en\/pinot-gris-selection-of-noble-grapes\/","name":"Pinot gris S\u00e9lection de Grains Nobles","isPartOf":{"@id":"https:\/\/www.hauller.fr\/#website"},"primaryImageOfPage":{"@id":"https:\/\/www.hauller.fr\/en\/pinot-gris-selection-of-noble-grapes\/#primaryimage"},"image":{"@id":"https:\/\/www.hauller.fr\/en\/pinot-gris-selection-of-noble-grapes\/#primaryimage"},"thumbnailUrl":"https:\/\/www.hauller.fr\/wp-content\/uploads\/2014\/10\/Fotolia_33428581_L.jpg","datePublished":"2015-10-21T12:49:18+00:00","dateModified":"2015-11-25T13:40:53+00:00","breadcrumb":{"@id":"https:\/\/www.hauller.fr\/en\/pinot-gris-selection-of-noble-grapes\/#breadcrumb"},"inLanguage":"en-US","potentialAction":[{"@type":"ReadAction","target":["https:\/\/www.hauller.fr\/en\/pinot-gris-selection-of-noble-grapes\/"]}]},{"@type":"ImageObject","inLanguage":"en-US","@id":"https:\/\/www.hauller.fr\/en\/pinot-gris-selection-of-noble-grapes\/#primaryimage","url":"https:\/\/www.hauller.fr\/wp-content\/uploads\/2014\/10\/Fotolia_33428581_L.jpg","contentUrl":"https:\/\/www.hauller.fr\/wp-content\/uploads\/2014\/10\/Fotolia_33428581_L.jpg","width":1924,"height":1924},{"@type":"BreadcrumbList","@id":"https:\/\/www.hauller.fr\/en\/pinot-gris-selection-of-noble-grapes\/#breadcrumb","itemListElement":[{"@type":"ListItem","position":1,"name":"Accueil","item":"https:\/\/www.hauller.fr\/en\/"},{"@type":"ListItem","position":2,"name":"Pinot gris S\u00e9lection de Grains Nobles"}]},{"@type":"WebSite","@id":"https:\/\/www.hauller.fr\/#website","url":"https:\/\/www.hauller.fr\/","name":"vins d&#039;alsace de la Maison Hauller","description":"Venez d\u00e9couvrir les vins d&#039;exception alsaciens de la Maison Hauller fond\u00e9e en 1775","publisher":{"@id":"https:\/\/www.hauller.fr\/#organization"},"potentialAction":[{"@type":"SearchAction","target":{"@type":"EntryPoint","urlTemplate":"https:\/\/www.hauller.fr\/?s={search_term_string}"},"query-input":{"@type":"PropertyValueSpecification","valueRequired":true,"valueName":"search_term_string"}}],"inLanguage":"en-US"},{"@type":"Organization","@id":"https:\/\/www.hauller.fr\/#organization","name":"Hauller J. et Fils SA","url":"https:\/\/www.hauller.fr\/","logo":{"@type":"ImageObject","inLanguage":"en-US","@id":"https:\/\/www.hauller.fr\/#\/schema\/logo\/image\/","url":"https:\/\/www.hauller.fr\/wp-content\/uploads\/2014\/10\/logo-maison-hauller_1701.png","contentUrl":"https:\/\/www.hauller.fr\/wp-content\/uploads\/2014\/10\/logo-maison-hauller_1701.png","width":170,"height":140,"caption":"Hauller J. et Fils SA"},"image":{"@id":"https:\/\/www.hauller.fr\/#\/schema\/logo\/image\/"}}]}},"_links":{"self":[{"href":"https:\/\/www.hauller.fr\/en\/wp-json\/wp\/v2\/pages\/1467","targetHints":{"allow":["GET"]}}],"collection":[{"href":"https:\/\/www.hauller.fr\/en\/wp-json\/wp\/v2\/pages"}],"about":[{"href":"https:\/\/www.hauller.fr\/en\/wp-json\/wp\/v2\/types\/page"}],"author":[{"embeddable":true,"href":"https:\/\/www.hauller.fr\/en\/wp-json\/wp\/v2\/users\/3"}],"replies":[{"embeddable":true,"href":"https:\/\/www.hauller.fr\/en\/wp-json\/wp\/v2\/comments?post=1467"}],"version-history":[{"count":3,"href":"https:\/\/www.hauller.fr\/en\/wp-json\/wp\/v2\/pages\/1467\/revisions"}],"predecessor-version":[{"id":1470,"href":"https:\/\/www.hauller.fr\/en\/wp-json\/wp\/v2\/pages\/1467\/revisions\/1470"}],"wp:featuredmedia":[{"embeddable":true,"href":"https:\/\/www.hauller.fr\/en\/wp-json\/wp\/v2\/media\/1356"}],"wp:attachment":[{"href":"https:\/\/www.hauller.fr\/en\/wp-json\/wp\/v2\/media?parent=1467"}],"curies":[{"name":"wp","href":"https:\/\/api.w.org\/{rel}","templated":true}]}}