{"id":1418,"date":"2015-10-21T11:14:35","date_gmt":"2015-10-21T10:14:35","guid":{"rendered":"https:\/\/www.hauller.fr\/en\/?page_id=1418"},"modified":"2015-11-25T15:19:42","modified_gmt":"2015-11-25T14:19:42","slug":"cremant-pinot-gris","status":"publish","type":"page","link":"https:\/\/www.hauller.fr\/en\/cremant-pinot-gris\/","title":{"rendered":"Cr\u00e9mant Pinot gris"},"content":{"rendered":"<div id=\"bouteille-vin\">\n<div class=\"box1 fade-in-left one\">\n\t\t<img decoding=\"async\" src=\"https:\/\/www.hauller.fr\/wp-content\/uploads\/2015\/07\/cremant-pinot-gris.png\" alt=\"Alsace wines cr\u00e9mant pinos gris\" \/>\n\t<\/div>\n<\/div>\n<div id=\"text-vin\" >\n<div class=\"fade-in-left two\">\n<h2>CR&Eacute;MANT PINOT GRIS<\/h2>\n<p class=\"p-vin\" >Made using the M\u00e9thode Traditionnelle and exclusively from Pinot Gris grapes, this Cr\u00e9mant is our &#8220;house innovation&#8221;. <\/p>\n<p class=\"p-vin\" >The grape variety gives a golden colour along with peerless effervescence, a bouquet of dried fruit lightly touched with vanilla. In the mouth, there is perfect balance between the freshness of the attack and the vinous structure conferred by the grape. A Cr\u00e9mant designed to accompany fine gastronomy.<\/p>\n<p><span class=\"hauller-color\">Food pairing :<\/span>  Surprise bread, saddle of venison with herbs, turkey cutlets with chanterelles, selection of matured cheeses.<\/p>\n<p><span class=\"hauller-color\">Serving temperature :<\/span>  Best enjoyed at 6\u00b0- 8\u00b0C<\/p>\n<\/p><\/div>\n<\/div>\n","protected":false},"excerpt":{"rendered":"<p>CR&Eacute;MANT PINOT GRIS Made using the M\u00e9thode Traditionnelle and exclusively from Pinot Gris grapes, this Cr\u00e9mant is our &#8220;house innovation&#8221;. The grape variety gives a golden colour along with peerless effervescence, a bouquet of dried fruit lightly touched with vanilla. In the mouth, there is perfect balance between the freshness of the attack and the [&hellip;]<\/p>\n","protected":false},"author":3,"featured_media":1356,"parent":0,"menu_order":0,"comment_status":"open","ping_status":"open","template":"template-fullwidth.php","meta":{"footnotes":""},"class_list":["post-1418","page","type-page","status-publish","has-post-thumbnail","hentry"],"yoast_head":"<!-- This site is optimized with the Yoast SEO plugin v27.2 - https:\/\/yoast.com\/product\/yoast-seo-wordpress\/ -->\n<title>Cr\u00e9mant Pinot gris<\/title>\n<meta name=\"robots\" content=\"index, follow, max-snippet:-1, max-image-preview:large, max-video-preview:-1\" \/>\n<link rel=\"canonical\" href=\"https:\/\/www.hauller.fr\/en\/cremant-pinot-gris\/\" \/>\n<meta property=\"og:locale\" content=\"en_US\" \/>\n<meta property=\"og:type\" content=\"article\" \/>\n<meta property=\"og:title\" content=\"Cr\u00e9mant Pinot gris\" \/>\n<meta property=\"og:description\" content=\"CR&Eacute;MANT PINOT GRIS Made using the M\u00e9thode Traditionnelle and exclusively from Pinot Gris grapes, this Cr\u00e9mant is our &#8220;house innovation&#8221;. The grape variety gives a golden colour along with peerless effervescence, a bouquet of dried fruit lightly touched with vanilla. In the mouth, there is perfect balance between the freshness of the attack and the [&hellip;]\" \/>\n<meta property=\"og:url\" content=\"https:\/\/www.hauller.fr\/en\/cremant-pinot-gris\/\" \/>\n<meta property=\"og:site_name\" content=\"vins d&#039;alsace de la Maison Hauller\" \/>\n<meta property=\"article:modified_time\" content=\"2015-11-25T14:19:42+00:00\" \/>\n<meta property=\"og:image\" content=\"https:\/\/www.hauller.fr\/wp-content\/uploads\/2014\/10\/Fotolia_33428581_L.jpg\" \/>\n\t<meta property=\"og:image:width\" content=\"1924\" \/>\n\t<meta property=\"og:image:height\" content=\"1924\" \/>\n\t<meta property=\"og:image:type\" content=\"image\/jpeg\" \/>\n<meta name=\"twitter:card\" content=\"summary_large_image\" \/>\n<script type=\"application\/ld+json\" class=\"yoast-schema-graph\">{\"@context\":\"https:\/\/schema.org\",\"@graph\":[{\"@type\":\"WebPage\",\"@id\":\"https:\/\/www.hauller.fr\/en\/cremant-pinot-gris\/\",\"url\":\"https:\/\/www.hauller.fr\/en\/cremant-pinot-gris\/\",\"name\":\"Cr\u00e9mant Pinot gris\",\"isPartOf\":{\"@id\":\"https:\/\/www.hauller.fr\/#website\"},\"primaryImageOfPage\":{\"@id\":\"https:\/\/www.hauller.fr\/en\/cremant-pinot-gris\/#primaryimage\"},\"image\":{\"@id\":\"https:\/\/www.hauller.fr\/en\/cremant-pinot-gris\/#primaryimage\"},\"thumbnailUrl\":\"https:\/\/www.hauller.fr\/wp-content\/uploads\/2014\/10\/Fotolia_33428581_L.jpg\",\"datePublished\":\"2015-10-21T10:14:35+00:00\",\"dateModified\":\"2015-11-25T14:19:42+00:00\",\"breadcrumb\":{\"@id\":\"https:\/\/www.hauller.fr\/en\/cremant-pinot-gris\/#breadcrumb\"},\"inLanguage\":\"en-US\",\"potentialAction\":[{\"@type\":\"ReadAction\",\"target\":[\"https:\/\/www.hauller.fr\/en\/cremant-pinot-gris\/\"]}]},{\"@type\":\"ImageObject\",\"inLanguage\":\"en-US\",\"@id\":\"https:\/\/www.hauller.fr\/en\/cremant-pinot-gris\/#primaryimage\",\"url\":\"https:\/\/www.hauller.fr\/wp-content\/uploads\/2014\/10\/Fotolia_33428581_L.jpg\",\"contentUrl\":\"https:\/\/www.hauller.fr\/wp-content\/uploads\/2014\/10\/Fotolia_33428581_L.jpg\",\"width\":1924,\"height\":1924},{\"@type\":\"BreadcrumbList\",\"@id\":\"https:\/\/www.hauller.fr\/en\/cremant-pinot-gris\/#breadcrumb\",\"itemListElement\":[{\"@type\":\"ListItem\",\"position\":1,\"name\":\"Accueil\",\"item\":\"https:\/\/www.hauller.fr\/en\/\"},{\"@type\":\"ListItem\",\"position\":2,\"name\":\"Cr\u00e9mant Pinot gris\"}]},{\"@type\":\"WebSite\",\"@id\":\"https:\/\/www.hauller.fr\/#website\",\"url\":\"https:\/\/www.hauller.fr\/\",\"name\":\"vins d&#039;alsace de la Maison Hauller\",\"description\":\"Venez d\u00e9couvrir les vins d&#039;exception alsaciens de la Maison Hauller fond\u00e9e en 1775\",\"publisher\":{\"@id\":\"https:\/\/www.hauller.fr\/#organization\"},\"potentialAction\":[{\"@type\":\"SearchAction\",\"target\":{\"@type\":\"EntryPoint\",\"urlTemplate\":\"https:\/\/www.hauller.fr\/?s={search_term_string}\"},\"query-input\":{\"@type\":\"PropertyValueSpecification\",\"valueRequired\":true,\"valueName\":\"search_term_string\"}}],\"inLanguage\":\"en-US\"},{\"@type\":\"Organization\",\"@id\":\"https:\/\/www.hauller.fr\/#organization\",\"name\":\"Hauller J. et Fils SA\",\"url\":\"https:\/\/www.hauller.fr\/\",\"logo\":{\"@type\":\"ImageObject\",\"inLanguage\":\"en-US\",\"@id\":\"https:\/\/www.hauller.fr\/#\/schema\/logo\/image\/\",\"url\":\"https:\/\/www.hauller.fr\/wp-content\/uploads\/2014\/10\/logo-maison-hauller_1701.png\",\"contentUrl\":\"https:\/\/www.hauller.fr\/wp-content\/uploads\/2014\/10\/logo-maison-hauller_1701.png\",\"width\":170,\"height\":140,\"caption\":\"Hauller J. et Fils SA\"},\"image\":{\"@id\":\"https:\/\/www.hauller.fr\/#\/schema\/logo\/image\/\"}}]}<\/script>\n<!-- \/ Yoast SEO plugin. -->","yoast_head_json":{"title":"Cr\u00e9mant Pinot gris","robots":{"index":"index","follow":"follow","max-snippet":"max-snippet:-1","max-image-preview":"max-image-preview:large","max-video-preview":"max-video-preview:-1"},"canonical":"https:\/\/www.hauller.fr\/en\/cremant-pinot-gris\/","og_locale":"en_US","og_type":"article","og_title":"Cr\u00e9mant Pinot gris","og_description":"CR&Eacute;MANT PINOT GRIS Made using the M\u00e9thode Traditionnelle and exclusively from Pinot Gris grapes, this Cr\u00e9mant is our &#8220;house innovation&#8221;. The grape variety gives a golden colour along with peerless effervescence, a bouquet of dried fruit lightly touched with vanilla. In the mouth, there is perfect balance between the freshness of the attack and the [&hellip;]","og_url":"https:\/\/www.hauller.fr\/en\/cremant-pinot-gris\/","og_site_name":"vins d&#039;alsace de la Maison Hauller","article_modified_time":"2015-11-25T14:19:42+00:00","og_image":[{"width":1924,"height":1924,"url":"https:\/\/www.hauller.fr\/wp-content\/uploads\/2014\/10\/Fotolia_33428581_L.jpg","type":"image\/jpeg"}],"twitter_card":"summary_large_image","schema":{"@context":"https:\/\/schema.org","@graph":[{"@type":"WebPage","@id":"https:\/\/www.hauller.fr\/en\/cremant-pinot-gris\/","url":"https:\/\/www.hauller.fr\/en\/cremant-pinot-gris\/","name":"Cr\u00e9mant Pinot gris","isPartOf":{"@id":"https:\/\/www.hauller.fr\/#website"},"primaryImageOfPage":{"@id":"https:\/\/www.hauller.fr\/en\/cremant-pinot-gris\/#primaryimage"},"image":{"@id":"https:\/\/www.hauller.fr\/en\/cremant-pinot-gris\/#primaryimage"},"thumbnailUrl":"https:\/\/www.hauller.fr\/wp-content\/uploads\/2014\/10\/Fotolia_33428581_L.jpg","datePublished":"2015-10-21T10:14:35+00:00","dateModified":"2015-11-25T14:19:42+00:00","breadcrumb":{"@id":"https:\/\/www.hauller.fr\/en\/cremant-pinot-gris\/#breadcrumb"},"inLanguage":"en-US","potentialAction":[{"@type":"ReadAction","target":["https:\/\/www.hauller.fr\/en\/cremant-pinot-gris\/"]}]},{"@type":"ImageObject","inLanguage":"en-US","@id":"https:\/\/www.hauller.fr\/en\/cremant-pinot-gris\/#primaryimage","url":"https:\/\/www.hauller.fr\/wp-content\/uploads\/2014\/10\/Fotolia_33428581_L.jpg","contentUrl":"https:\/\/www.hauller.fr\/wp-content\/uploads\/2014\/10\/Fotolia_33428581_L.jpg","width":1924,"height":1924},{"@type":"BreadcrumbList","@id":"https:\/\/www.hauller.fr\/en\/cremant-pinot-gris\/#breadcrumb","itemListElement":[{"@type":"ListItem","position":1,"name":"Accueil","item":"https:\/\/www.hauller.fr\/en\/"},{"@type":"ListItem","position":2,"name":"Cr\u00e9mant Pinot gris"}]},{"@type":"WebSite","@id":"https:\/\/www.hauller.fr\/#website","url":"https:\/\/www.hauller.fr\/","name":"vins d&#039;alsace de la Maison Hauller","description":"Venez d\u00e9couvrir les vins d&#039;exception alsaciens de la Maison Hauller fond\u00e9e en 1775","publisher":{"@id":"https:\/\/www.hauller.fr\/#organization"},"potentialAction":[{"@type":"SearchAction","target":{"@type":"EntryPoint","urlTemplate":"https:\/\/www.hauller.fr\/?s={search_term_string}"},"query-input":{"@type":"PropertyValueSpecification","valueRequired":true,"valueName":"search_term_string"}}],"inLanguage":"en-US"},{"@type":"Organization","@id":"https:\/\/www.hauller.fr\/#organization","name":"Hauller J. et Fils SA","url":"https:\/\/www.hauller.fr\/","logo":{"@type":"ImageObject","inLanguage":"en-US","@id":"https:\/\/www.hauller.fr\/#\/schema\/logo\/image\/","url":"https:\/\/www.hauller.fr\/wp-content\/uploads\/2014\/10\/logo-maison-hauller_1701.png","contentUrl":"https:\/\/www.hauller.fr\/wp-content\/uploads\/2014\/10\/logo-maison-hauller_1701.png","width":170,"height":140,"caption":"Hauller J. et Fils SA"},"image":{"@id":"https:\/\/www.hauller.fr\/#\/schema\/logo\/image\/"}}]}},"_links":{"self":[{"href":"https:\/\/www.hauller.fr\/en\/wp-json\/wp\/v2\/pages\/1418","targetHints":{"allow":["GET"]}}],"collection":[{"href":"https:\/\/www.hauller.fr\/en\/wp-json\/wp\/v2\/pages"}],"about":[{"href":"https:\/\/www.hauller.fr\/en\/wp-json\/wp\/v2\/types\/page"}],"author":[{"embeddable":true,"href":"https:\/\/www.hauller.fr\/en\/wp-json\/wp\/v2\/users\/3"}],"replies":[{"embeddable":true,"href":"https:\/\/www.hauller.fr\/en\/wp-json\/wp\/v2\/comments?post=1418"}],"version-history":[{"count":1,"href":"https:\/\/www.hauller.fr\/en\/wp-json\/wp\/v2\/pages\/1418\/revisions"}],"predecessor-version":[{"id":1419,"href":"https:\/\/www.hauller.fr\/en\/wp-json\/wp\/v2\/pages\/1418\/revisions\/1419"}],"wp:featuredmedia":[{"embeddable":true,"href":"https:\/\/www.hauller.fr\/en\/wp-json\/wp\/v2\/media\/1356"}],"wp:attachment":[{"href":"https:\/\/www.hauller.fr\/en\/wp-json\/wp\/v2\/media?parent=1418"}],"curies":[{"name":"wp","href":"https:\/\/api.w.org\/{rel}","templated":true}]}}