{"id":1377,"date":"2015-10-20T15:59:48","date_gmt":"2015-10-20T14:59:48","guid":{"rendered":"https:\/\/www.hauller.fr\/en\/?page_id=1377"},"modified":"2015-11-25T15:35:15","modified_gmt":"2015-11-25T14:35:15","slug":"gewurztraminer-hauller","status":"publish","type":"page","link":"https:\/\/www.hauller.fr\/en\/gewurztraminer-hauller\/","title":{"rendered":"Gewurztraminer Hauller"},"content":{"rendered":"<div id=\"bouteille-vin\">\n<div class=\"box1 fade-in-left one\">\n\t<img decoding=\"async\" src=\"https:\/\/www.hauller.fr\/wp-content\/uploads\/2015\/07\/gewurztraminer-tradition.png\" alt=\"Alsace wines Gewurztraminer\" \/>\n<\/div>\n<\/div>\n<div id=\"text-vin\" >\n<div class=\"fade-in-left two\">\n<h2>GEWURZTRAMINER HAULLER<\/h2>\n<p class=\"p-vin\" >The most famous of Alsace wines, its roundness and aromatic opulence are seductive.<\/p>\n<p class=\"p-vin\" >Its colour is golden and intense while its floral, expressive and complex bouquet evolves onto notes of praline and rose backed up by aromas of cinnamon and peppermint. The first impression in the mouth is a soft and delicate mellowness with nice roundness. The finish, however, is a magnificent spiciness.<\/p>\n<p><span class=\"hauller-color\">Food pairing :<\/span>  Perfect as an aperitif, ideal for pork filet with pineapple or farm produced Munster, sublime with cr\u00e8me br\u00fbl\u00e9e or chocolate lava cake and all types of Asian cuisine.<\/p>\n<p><span class=\"hauller-color\">Serving temperature :<\/span>  Best enjoyed  at 8\u00b0-11\u00b0C <\/p>\n<\/p><\/div>\n<\/div>\n","protected":false},"excerpt":{"rendered":"<p>GEWURZTRAMINER HAULLER The most famous of Alsace wines, its roundness and aromatic opulence are seductive. Its colour is golden and intense while its floral, expressive and complex bouquet evolves onto notes of praline and rose backed up by aromas of cinnamon and peppermint. The first impression in the mouth is a soft and delicate mellowness [&hellip;]<\/p>\n","protected":false},"author":3,"featured_media":1356,"parent":0,"menu_order":0,"comment_status":"open","ping_status":"open","template":"template-fullwidth.php","meta":{"footnotes":""},"class_list":["post-1377","page","type-page","status-publish","has-post-thumbnail","hentry"],"yoast_head":"<!-- This site is optimized with the Yoast SEO plugin v27.2 - https:\/\/yoast.com\/product\/yoast-seo-wordpress\/ -->\n<title>Gewurztraminer Hauller<\/title>\n<meta name=\"robots\" content=\"index, follow, max-snippet:-1, max-image-preview:large, max-video-preview:-1\" \/>\n<link rel=\"canonical\" href=\"https:\/\/www.hauller.fr\/en\/gewurztraminer-hauller\/\" \/>\n<meta property=\"og:locale\" content=\"en_US\" \/>\n<meta property=\"og:type\" content=\"article\" \/>\n<meta property=\"og:title\" content=\"Gewurztraminer Hauller\" \/>\n<meta property=\"og:description\" content=\"GEWURZTRAMINER HAULLER The most famous of Alsace wines, its roundness and aromatic opulence are seductive. Its colour is golden and intense while its floral, expressive and complex bouquet evolves onto notes of praline and rose backed up by aromas of cinnamon and peppermint. The first impression in the mouth is a soft and delicate mellowness [&hellip;]\" \/>\n<meta property=\"og:url\" content=\"https:\/\/www.hauller.fr\/en\/gewurztraminer-hauller\/\" \/>\n<meta property=\"og:site_name\" content=\"vins d&#039;alsace de la Maison Hauller\" \/>\n<meta property=\"article:modified_time\" content=\"2015-11-25T14:35:15+00:00\" \/>\n<meta property=\"og:image\" content=\"https:\/\/www.hauller.fr\/wp-content\/uploads\/2014\/10\/Fotolia_33428581_L.jpg\" \/>\n\t<meta property=\"og:image:width\" content=\"1924\" \/>\n\t<meta property=\"og:image:height\" content=\"1924\" \/>\n\t<meta property=\"og:image:type\" content=\"image\/jpeg\" \/>\n<meta name=\"twitter:card\" content=\"summary_large_image\" \/>\n<meta name=\"twitter:label1\" content=\"Est. reading time\" \/>\n\t<meta name=\"twitter:data1\" content=\"1 minute\" \/>\n<script type=\"application\/ld+json\" class=\"yoast-schema-graph\">{\"@context\":\"https:\/\/schema.org\",\"@graph\":[{\"@type\":\"WebPage\",\"@id\":\"https:\/\/www.hauller.fr\/en\/gewurztraminer-hauller\/\",\"url\":\"https:\/\/www.hauller.fr\/en\/gewurztraminer-hauller\/\",\"name\":\"Gewurztraminer Hauller\",\"isPartOf\":{\"@id\":\"https:\/\/www.hauller.fr\/#website\"},\"primaryImageOfPage\":{\"@id\":\"https:\/\/www.hauller.fr\/en\/gewurztraminer-hauller\/#primaryimage\"},\"image\":{\"@id\":\"https:\/\/www.hauller.fr\/en\/gewurztraminer-hauller\/#primaryimage\"},\"thumbnailUrl\":\"https:\/\/www.hauller.fr\/wp-content\/uploads\/2014\/10\/Fotolia_33428581_L.jpg\",\"datePublished\":\"2015-10-20T14:59:48+00:00\",\"dateModified\":\"2015-11-25T14:35:15+00:00\",\"breadcrumb\":{\"@id\":\"https:\/\/www.hauller.fr\/en\/gewurztraminer-hauller\/#breadcrumb\"},\"inLanguage\":\"en-US\",\"potentialAction\":[{\"@type\":\"ReadAction\",\"target\":[\"https:\/\/www.hauller.fr\/en\/gewurztraminer-hauller\/\"]}]},{\"@type\":\"ImageObject\",\"inLanguage\":\"en-US\",\"@id\":\"https:\/\/www.hauller.fr\/en\/gewurztraminer-hauller\/#primaryimage\",\"url\":\"https:\/\/www.hauller.fr\/wp-content\/uploads\/2014\/10\/Fotolia_33428581_L.jpg\",\"contentUrl\":\"https:\/\/www.hauller.fr\/wp-content\/uploads\/2014\/10\/Fotolia_33428581_L.jpg\",\"width\":1924,\"height\":1924},{\"@type\":\"BreadcrumbList\",\"@id\":\"https:\/\/www.hauller.fr\/en\/gewurztraminer-hauller\/#breadcrumb\",\"itemListElement\":[{\"@type\":\"ListItem\",\"position\":1,\"name\":\"Accueil\",\"item\":\"https:\/\/www.hauller.fr\/en\/\"},{\"@type\":\"ListItem\",\"position\":2,\"name\":\"Gewurztraminer Hauller\"}]},{\"@type\":\"WebSite\",\"@id\":\"https:\/\/www.hauller.fr\/#website\",\"url\":\"https:\/\/www.hauller.fr\/\",\"name\":\"vins d&#039;alsace de la Maison Hauller\",\"description\":\"Venez d\u00e9couvrir les vins d&#039;exception alsaciens de la Maison Hauller fond\u00e9e en 1775\",\"publisher\":{\"@id\":\"https:\/\/www.hauller.fr\/#organization\"},\"potentialAction\":[{\"@type\":\"SearchAction\",\"target\":{\"@type\":\"EntryPoint\",\"urlTemplate\":\"https:\/\/www.hauller.fr\/?s={search_term_string}\"},\"query-input\":{\"@type\":\"PropertyValueSpecification\",\"valueRequired\":true,\"valueName\":\"search_term_string\"}}],\"inLanguage\":\"en-US\"},{\"@type\":\"Organization\",\"@id\":\"https:\/\/www.hauller.fr\/#organization\",\"name\":\"Hauller J. et Fils SA\",\"url\":\"https:\/\/www.hauller.fr\/\",\"logo\":{\"@type\":\"ImageObject\",\"inLanguage\":\"en-US\",\"@id\":\"https:\/\/www.hauller.fr\/#\/schema\/logo\/image\/\",\"url\":\"https:\/\/www.hauller.fr\/wp-content\/uploads\/2014\/10\/logo-maison-hauller_1701.png\",\"contentUrl\":\"https:\/\/www.hauller.fr\/wp-content\/uploads\/2014\/10\/logo-maison-hauller_1701.png\",\"width\":170,\"height\":140,\"caption\":\"Hauller J. et Fils SA\"},\"image\":{\"@id\":\"https:\/\/www.hauller.fr\/#\/schema\/logo\/image\/\"}}]}<\/script>\n<!-- \/ Yoast SEO plugin. -->","yoast_head_json":{"title":"Gewurztraminer Hauller","robots":{"index":"index","follow":"follow","max-snippet":"max-snippet:-1","max-image-preview":"max-image-preview:large","max-video-preview":"max-video-preview:-1"},"canonical":"https:\/\/www.hauller.fr\/en\/gewurztraminer-hauller\/","og_locale":"en_US","og_type":"article","og_title":"Gewurztraminer Hauller","og_description":"GEWURZTRAMINER HAULLER The most famous of Alsace wines, its roundness and aromatic opulence are seductive. Its colour is golden and intense while its floral, expressive and complex bouquet evolves onto notes of praline and rose backed up by aromas of cinnamon and peppermint. The first impression in the mouth is a soft and delicate mellowness [&hellip;]","og_url":"https:\/\/www.hauller.fr\/en\/gewurztraminer-hauller\/","og_site_name":"vins d&#039;alsace de la Maison Hauller","article_modified_time":"2015-11-25T14:35:15+00:00","og_image":[{"width":1924,"height":1924,"url":"https:\/\/www.hauller.fr\/wp-content\/uploads\/2014\/10\/Fotolia_33428581_L.jpg","type":"image\/jpeg"}],"twitter_card":"summary_large_image","twitter_misc":{"Est. reading time":"1 minute"},"schema":{"@context":"https:\/\/schema.org","@graph":[{"@type":"WebPage","@id":"https:\/\/www.hauller.fr\/en\/gewurztraminer-hauller\/","url":"https:\/\/www.hauller.fr\/en\/gewurztraminer-hauller\/","name":"Gewurztraminer Hauller","isPartOf":{"@id":"https:\/\/www.hauller.fr\/#website"},"primaryImageOfPage":{"@id":"https:\/\/www.hauller.fr\/en\/gewurztraminer-hauller\/#primaryimage"},"image":{"@id":"https:\/\/www.hauller.fr\/en\/gewurztraminer-hauller\/#primaryimage"},"thumbnailUrl":"https:\/\/www.hauller.fr\/wp-content\/uploads\/2014\/10\/Fotolia_33428581_L.jpg","datePublished":"2015-10-20T14:59:48+00:00","dateModified":"2015-11-25T14:35:15+00:00","breadcrumb":{"@id":"https:\/\/www.hauller.fr\/en\/gewurztraminer-hauller\/#breadcrumb"},"inLanguage":"en-US","potentialAction":[{"@type":"ReadAction","target":["https:\/\/www.hauller.fr\/en\/gewurztraminer-hauller\/"]}]},{"@type":"ImageObject","inLanguage":"en-US","@id":"https:\/\/www.hauller.fr\/en\/gewurztraminer-hauller\/#primaryimage","url":"https:\/\/www.hauller.fr\/wp-content\/uploads\/2014\/10\/Fotolia_33428581_L.jpg","contentUrl":"https:\/\/www.hauller.fr\/wp-content\/uploads\/2014\/10\/Fotolia_33428581_L.jpg","width":1924,"height":1924},{"@type":"BreadcrumbList","@id":"https:\/\/www.hauller.fr\/en\/gewurztraminer-hauller\/#breadcrumb","itemListElement":[{"@type":"ListItem","position":1,"name":"Accueil","item":"https:\/\/www.hauller.fr\/en\/"},{"@type":"ListItem","position":2,"name":"Gewurztraminer Hauller"}]},{"@type":"WebSite","@id":"https:\/\/www.hauller.fr\/#website","url":"https:\/\/www.hauller.fr\/","name":"vins d&#039;alsace de la Maison Hauller","description":"Venez d\u00e9couvrir les vins d&#039;exception alsaciens de la Maison Hauller fond\u00e9e en 1775","publisher":{"@id":"https:\/\/www.hauller.fr\/#organization"},"potentialAction":[{"@type":"SearchAction","target":{"@type":"EntryPoint","urlTemplate":"https:\/\/www.hauller.fr\/?s={search_term_string}"},"query-input":{"@type":"PropertyValueSpecification","valueRequired":true,"valueName":"search_term_string"}}],"inLanguage":"en-US"},{"@type":"Organization","@id":"https:\/\/www.hauller.fr\/#organization","name":"Hauller J. et Fils SA","url":"https:\/\/www.hauller.fr\/","logo":{"@type":"ImageObject","inLanguage":"en-US","@id":"https:\/\/www.hauller.fr\/#\/schema\/logo\/image\/","url":"https:\/\/www.hauller.fr\/wp-content\/uploads\/2014\/10\/logo-maison-hauller_1701.png","contentUrl":"https:\/\/www.hauller.fr\/wp-content\/uploads\/2014\/10\/logo-maison-hauller_1701.png","width":170,"height":140,"caption":"Hauller J. et Fils SA"},"image":{"@id":"https:\/\/www.hauller.fr\/#\/schema\/logo\/image\/"}}]}},"_links":{"self":[{"href":"https:\/\/www.hauller.fr\/en\/wp-json\/wp\/v2\/pages\/1377","targetHints":{"allow":["GET"]}}],"collection":[{"href":"https:\/\/www.hauller.fr\/en\/wp-json\/wp\/v2\/pages"}],"about":[{"href":"https:\/\/www.hauller.fr\/en\/wp-json\/wp\/v2\/types\/page"}],"author":[{"embeddable":true,"href":"https:\/\/www.hauller.fr\/en\/wp-json\/wp\/v2\/users\/3"}],"replies":[{"embeddable":true,"href":"https:\/\/www.hauller.fr\/en\/wp-json\/wp\/v2\/comments?post=1377"}],"version-history":[{"count":2,"href":"https:\/\/www.hauller.fr\/en\/wp-json\/wp\/v2\/pages\/1377\/revisions"}],"predecessor-version":[{"id":1380,"href":"https:\/\/www.hauller.fr\/en\/wp-json\/wp\/v2\/pages\/1377\/revisions\/1380"}],"wp:featuredmedia":[{"embeddable":true,"href":"https:\/\/www.hauller.fr\/en\/wp-json\/wp\/v2\/media\/1356"}],"wp:attachment":[{"href":"https:\/\/www.hauller.fr\/en\/wp-json\/wp\/v2\/media?parent=1377"}],"curies":[{"name":"wp","href":"https:\/\/api.w.org\/{rel}","templated":true}]}}