{"id":1316,"date":"2015-10-20T11:09:55","date_gmt":"2015-10-20T10:09:55","guid":{"rendered":"https:\/\/www.hauller.fr\/en\/?page_id=1316"},"modified":"2015-10-20T11:18:09","modified_gmt":"2015-10-20T10:18:09","slug":"hauller-house-winemaking","status":"publish","type":"page","link":"https:\/\/www.hauller.fr\/en\/hauller-house-winemaking\/","title":{"rendered":"Winemaking"},"content":{"rendered":"<div id=\"metaslider-id-331\" style=\"max-width: 900px; margin: 0 auto;\" class=\"ml-slider-3-107-0 metaslider metaslider-flex metaslider-331 ml-slider has-dots-nav ms-theme-default\" role=\"region\" aria-label=\"Nouveau diaporama\" data-height=\"400\" data-width=\"900\">\n    <div id=\"metaslider_container_331\">\n        <div id=\"metaslider_331\" class=\"flexslider\">\n            <ul class='slides'>\n                <li style=\"display: block; width: 100%;\" class=\"slide-83 ms-image \" aria-roledescription=\"slide\" data-date=\"2014-10-08 17:03:41\" data-filename=\"hauller-36_16801-900x400.jpg\" data-slide-type=\"image\"><img loading=\"lazy\" decoding=\"async\" src=\"https:\/\/www.hauller.fr\/wp-content\/uploads\/2014\/10\/hauller-36_16801-900x400.jpg\" height=\"400\" width=\"900\" alt=\"Nouvelle cuverie Maison Hauller Alsace\" class=\"slider-331 slide-83 msDefaultImage\" title=\"Nouvelle cuverie Maison Hauller Alsace\" \/><\/li>\n                <li style=\"display: none; width: 100%;\" class=\"slide-1077 ms-image \" aria-roledescription=\"slide\" data-date=\"2015-07-08 15:54:58\" data-filename=\"Cave-Hauller-Corinne-Perez-Oenologue-900x400.jpg\" data-slide-type=\"image\"><img loading=\"lazy\" decoding=\"async\" src=\"https:\/\/www.hauller.fr\/wp-content\/uploads\/2015\/07\/Cave-Hauller-Corinne-Perez-Oenologue-900x400.jpg\" height=\"400\" width=\"900\" alt=\"Corinne Perez \u0153nologue Maison Hauller\" class=\"slider-331 slide-1077 msDefaultImage\" title=\"Corinne Perez \u0153nologue Maison Hauller\" \/><\/li>\n                <li style=\"display: none; width: 100%;\" class=\"slide-85 ms-image \" aria-roledescription=\"slide\" data-date=\"2014-10-08 17:04:29\" data-filename=\"hauller-42_16801-900x400.jpg\" data-slide-type=\"image\"><img loading=\"lazy\" decoding=\"async\" src=\"https:\/\/www.hauller.fr\/wp-content\/uploads\/2014\/10\/hauller-42_16801-900x400.jpg\" height=\"400\" width=\"900\" alt=\"Vinification -Foudres Maison Hauller Alsace\" class=\"slider-331 slide-85 msDefaultImage\" title=\"Vinification -Foudres Maison Hauller Alsace\" \/><\/li>\n                <li style=\"display: none; width: 100%;\" class=\"slide-84 ms-image \" aria-roledescription=\"slide\" data-date=\"2014-10-08 17:04:07\" data-filename=\"hauller-39_16801-900x400.jpg\" data-slide-type=\"image\"><img loading=\"lazy\" decoding=\"async\" src=\"https:\/\/www.hauller.fr\/wp-content\/uploads\/2014\/10\/hauller-39_16801-900x400.jpg\" height=\"400\" width=\"900\" alt=\"chais \u00e0 barriques Maison Hauller Alsace\" class=\"slider-331 slide-84 msDefaultImage\" title=\"chais \u00e0 barriques Maison Hauller Alsace\" \/><\/li>\n            <\/ul>\n        <\/div>\n        \n    <\/div>\n<\/div>\n<p>After all the care lavished on the vine during winter and spring, autumn announces the time for harvesting. The vineyards of Central Alsace enjoy a beautiful late season, favourable for picking the sun-soaked grapes.<\/p>\n<h2>Sparkling wine : Cr\u00e9mant d\u2019Alsace<\/h2>\n<p>The pickers harvest the Cr\u00e9mant grapes first. These Pinot Blanc, Pinot Gris, Chardonnay, Riesling or Pinot Noir grapes harvested slightly under-ripe will be pressed gently to extract all the freshness of the varieties and capture all the elegance. During fermentation, which is done exclusively in stainless steel tanks to preserve the fruitiness, yeasts convert grape sugar into alcohol. The primary aromas of the grapes and a little alchemy give rise to a much more complex olfactory bouquet. Once fermentation is complete, the wines will comprise an assembly of one or more varieties. After light filtration, they will be bottled for the second fermentation, strictly following La M\u00e9thode Traditionnelle process. Our Cr\u00e9mants will, of course, repose for at least 12 months on slats &#8211; as stipulated in the charter of Cr\u00e9mants d&#8217;Alsace, but most of our wines will be matured for much longer. After this well-deserved rest comes the step known as disgorging; the wine has become &#8220;sparkling&#8221; and yeast that has accumulated in the neck of the bottle will be eliminated. A liquor composed of wine and sugar is then added, the amount will determine the <i>style of wine : Brut or Demi-Sec<\/i>.<\/p>\n<h2>Alsace &laquo; still wines &raquo;<\/h2>\n<p>After the Cr\u00e9mants  (<strong>\u00ab sparkling wines\u00a0\u00bb<\/strong>), the grapes for <strong>\u00ab\u00a0still wines\u00a0\u00bb<\/strong> arrive in the winery. Fruitier and richer, they ferment longer &#8211; often until Christmas. The cellar then echoes to the sounds of fermentation and gives out enticing aromas such as citrus, white flowers and spices &#8230; The cellar master\u2019s wizardry is then necessary to capture all these aromas and allow the wine structure to develop until it is time for bottling.<\/p>\n<h2>Late Harvested wines and Selection of Noble Grapes<\/h2>\n<p>It is not yet the end of the harvest; because until the Vendanges Tardives and S\u00e9lections de Grains Nobles are safe in the winery can we put our press-house under wraps until next year. Harvested overripe, these bunches have been enriched through the action of Botrytis, the fungus producing &#8220;noble rot&#8221;. Extremely high levels in sugar along with aromas of honey and candied fruit result from the concentration within the grape berries. These grapes are scarce to harvest, hard to squeeze and slow to ferment but give rise to <strong>wines of such excellence<\/strong> that all our efforts are rewarded.<\/p>\n","protected":false},"excerpt":{"rendered":"<p>After all the care lavished on the vine during winter and spring, autumn announces the time for harvesting. The vineyards of Central Alsace enjoy a beautiful late season, favourable for picking the sun-soaked grapes. Sparkling wine : Cr\u00e9mant d\u2019Alsace The pickers harvest the Cr\u00e9mant grapes first. These Pinot Blanc, Pinot Gris, Chardonnay, Riesling or Pinot [&hellip;]<\/p>\n","protected":false},"author":3,"featured_media":1304,"parent":0,"menu_order":0,"comment_status":"open","ping_status":"open","template":"template-fullwidth.php","meta":{"footnotes":""},"class_list":["post-1316","page","type-page","status-publish","has-post-thumbnail","hentry"],"yoast_head":"<!-- This site is optimized with the Yoast SEO plugin v27.2 - https:\/\/yoast.com\/product\/yoast-seo-wordpress\/ -->\n<title>Winemaking<\/title>\n<meta name=\"robots\" content=\"index, follow, max-snippet:-1, max-image-preview:large, max-video-preview:-1\" \/>\n<link rel=\"canonical\" href=\"https:\/\/www.hauller.fr\/en\/hauller-house-winemaking\/\" \/>\n<meta property=\"og:locale\" content=\"en_US\" \/>\n<meta property=\"og:type\" content=\"article\" \/>\n<meta property=\"og:title\" content=\"Winemaking\" \/>\n<meta property=\"og:description\" content=\"After all the care lavished on the vine during winter and spring, autumn announces the time for harvesting. The vineyards of Central Alsace enjoy a beautiful late season, favourable for picking the sun-soaked grapes. Sparkling wine : Cr\u00e9mant d\u2019Alsace The pickers harvest the Cr\u00e9mant grapes first. These Pinot Blanc, Pinot Gris, Chardonnay, Riesling or Pinot [&hellip;]\" \/>\n<meta property=\"og:url\" content=\"https:\/\/www.hauller.fr\/en\/hauller-house-winemaking\/\" \/>\n<meta property=\"og:site_name\" content=\"vins d&#039;alsace de la Maison Hauller\" \/>\n<meta property=\"article:modified_time\" content=\"2015-10-20T10:18:09+00:00\" \/>\n<meta property=\"og:image\" content=\"https:\/\/www.hauller.fr\/wp-content\/uploads\/2014\/10\/hauller-serie-1-3_1680.jpg\" \/>\n\t<meta property=\"og:image:width\" content=\"1680\" \/>\n\t<meta property=\"og:image:height\" content=\"1121\" \/>\n\t<meta property=\"og:image:type\" content=\"image\/jpeg\" \/>\n<meta name=\"twitter:card\" content=\"summary_large_image\" \/>\n<meta name=\"twitter:label1\" content=\"Est. reading time\" \/>\n\t<meta name=\"twitter:data1\" content=\"2 minutes\" \/>\n<script type=\"application\/ld+json\" class=\"yoast-schema-graph\">{\"@context\":\"https:\/\/schema.org\",\"@graph\":[{\"@type\":\"WebPage\",\"@id\":\"https:\/\/www.hauller.fr\/en\/hauller-house-winemaking\/\",\"url\":\"https:\/\/www.hauller.fr\/en\/hauller-house-winemaking\/\",\"name\":\"Winemaking\",\"isPartOf\":{\"@id\":\"https:\/\/www.hauller.fr\/#website\"},\"primaryImageOfPage\":{\"@id\":\"https:\/\/www.hauller.fr\/en\/hauller-house-winemaking\/#primaryimage\"},\"image\":{\"@id\":\"https:\/\/www.hauller.fr\/en\/hauller-house-winemaking\/#primaryimage\"},\"thumbnailUrl\":\"https:\/\/www.hauller.fr\/wp-content\/uploads\/2014\/10\/hauller-serie-1-3_1680.jpg\",\"datePublished\":\"2015-10-20T10:09:55+00:00\",\"dateModified\":\"2015-10-20T10:18:09+00:00\",\"breadcrumb\":{\"@id\":\"https:\/\/www.hauller.fr\/en\/hauller-house-winemaking\/#breadcrumb\"},\"inLanguage\":\"en-US\",\"potentialAction\":[{\"@type\":\"ReadAction\",\"target\":[\"https:\/\/www.hauller.fr\/en\/hauller-house-winemaking\/\"]}]},{\"@type\":\"ImageObject\",\"inLanguage\":\"en-US\",\"@id\":\"https:\/\/www.hauller.fr\/en\/hauller-house-winemaking\/#primaryimage\",\"url\":\"https:\/\/www.hauller.fr\/wp-content\/uploads\/2014\/10\/hauller-serie-1-3_1680.jpg\",\"contentUrl\":\"https:\/\/www.hauller.fr\/wp-content\/uploads\/2014\/10\/hauller-serie-1-3_1680.jpg\",\"width\":1680,\"height\":1121},{\"@type\":\"BreadcrumbList\",\"@id\":\"https:\/\/www.hauller.fr\/en\/hauller-house-winemaking\/#breadcrumb\",\"itemListElement\":[{\"@type\":\"ListItem\",\"position\":1,\"name\":\"Accueil\",\"item\":\"https:\/\/www.hauller.fr\/en\/\"},{\"@type\":\"ListItem\",\"position\":2,\"name\":\"Winemaking\"}]},{\"@type\":\"WebSite\",\"@id\":\"https:\/\/www.hauller.fr\/#website\",\"url\":\"https:\/\/www.hauller.fr\/\",\"name\":\"vins d&#039;alsace de la Maison Hauller\",\"description\":\"Venez d\u00e9couvrir les vins d&#039;exception alsaciens de la Maison Hauller fond\u00e9e en 1775\",\"publisher\":{\"@id\":\"https:\/\/www.hauller.fr\/#organization\"},\"potentialAction\":[{\"@type\":\"SearchAction\",\"target\":{\"@type\":\"EntryPoint\",\"urlTemplate\":\"https:\/\/www.hauller.fr\/?s={search_term_string}\"},\"query-input\":{\"@type\":\"PropertyValueSpecification\",\"valueRequired\":true,\"valueName\":\"search_term_string\"}}],\"inLanguage\":\"en-US\"},{\"@type\":\"Organization\",\"@id\":\"https:\/\/www.hauller.fr\/#organization\",\"name\":\"Hauller J. et Fils SA\",\"url\":\"https:\/\/www.hauller.fr\/\",\"logo\":{\"@type\":\"ImageObject\",\"inLanguage\":\"en-US\",\"@id\":\"https:\/\/www.hauller.fr\/#\/schema\/logo\/image\/\",\"url\":\"https:\/\/www.hauller.fr\/wp-content\/uploads\/2014\/10\/logo-maison-hauller_1701.png\",\"contentUrl\":\"https:\/\/www.hauller.fr\/wp-content\/uploads\/2014\/10\/logo-maison-hauller_1701.png\",\"width\":170,\"height\":140,\"caption\":\"Hauller J. et Fils SA\"},\"image\":{\"@id\":\"https:\/\/www.hauller.fr\/#\/schema\/logo\/image\/\"}}]}<\/script>\n<!-- \/ Yoast SEO plugin. -->","yoast_head_json":{"title":"Winemaking","robots":{"index":"index","follow":"follow","max-snippet":"max-snippet:-1","max-image-preview":"max-image-preview:large","max-video-preview":"max-video-preview:-1"},"canonical":"https:\/\/www.hauller.fr\/en\/hauller-house-winemaking\/","og_locale":"en_US","og_type":"article","og_title":"Winemaking","og_description":"After all the care lavished on the vine during winter and spring, autumn announces the time for harvesting. The vineyards of Central Alsace enjoy a beautiful late season, favourable for picking the sun-soaked grapes. Sparkling wine : Cr\u00e9mant d\u2019Alsace The pickers harvest the Cr\u00e9mant grapes first. These Pinot Blanc, Pinot Gris, Chardonnay, Riesling or Pinot [&hellip;]","og_url":"https:\/\/www.hauller.fr\/en\/hauller-house-winemaking\/","og_site_name":"vins d&#039;alsace de la Maison Hauller","article_modified_time":"2015-10-20T10:18:09+00:00","og_image":[{"width":1680,"height":1121,"url":"https:\/\/www.hauller.fr\/wp-content\/uploads\/2014\/10\/hauller-serie-1-3_1680.jpg","type":"image\/jpeg"}],"twitter_card":"summary_large_image","twitter_misc":{"Est. reading time":"2 minutes"},"schema":{"@context":"https:\/\/schema.org","@graph":[{"@type":"WebPage","@id":"https:\/\/www.hauller.fr\/en\/hauller-house-winemaking\/","url":"https:\/\/www.hauller.fr\/en\/hauller-house-winemaking\/","name":"Winemaking","isPartOf":{"@id":"https:\/\/www.hauller.fr\/#website"},"primaryImageOfPage":{"@id":"https:\/\/www.hauller.fr\/en\/hauller-house-winemaking\/#primaryimage"},"image":{"@id":"https:\/\/www.hauller.fr\/en\/hauller-house-winemaking\/#primaryimage"},"thumbnailUrl":"https:\/\/www.hauller.fr\/wp-content\/uploads\/2014\/10\/hauller-serie-1-3_1680.jpg","datePublished":"2015-10-20T10:09:55+00:00","dateModified":"2015-10-20T10:18:09+00:00","breadcrumb":{"@id":"https:\/\/www.hauller.fr\/en\/hauller-house-winemaking\/#breadcrumb"},"inLanguage":"en-US","potentialAction":[{"@type":"ReadAction","target":["https:\/\/www.hauller.fr\/en\/hauller-house-winemaking\/"]}]},{"@type":"ImageObject","inLanguage":"en-US","@id":"https:\/\/www.hauller.fr\/en\/hauller-house-winemaking\/#primaryimage","url":"https:\/\/www.hauller.fr\/wp-content\/uploads\/2014\/10\/hauller-serie-1-3_1680.jpg","contentUrl":"https:\/\/www.hauller.fr\/wp-content\/uploads\/2014\/10\/hauller-serie-1-3_1680.jpg","width":1680,"height":1121},{"@type":"BreadcrumbList","@id":"https:\/\/www.hauller.fr\/en\/hauller-house-winemaking\/#breadcrumb","itemListElement":[{"@type":"ListItem","position":1,"name":"Accueil","item":"https:\/\/www.hauller.fr\/en\/"},{"@type":"ListItem","position":2,"name":"Winemaking"}]},{"@type":"WebSite","@id":"https:\/\/www.hauller.fr\/#website","url":"https:\/\/www.hauller.fr\/","name":"vins d&#039;alsace de la Maison Hauller","description":"Venez d\u00e9couvrir les vins d&#039;exception alsaciens de la Maison Hauller fond\u00e9e en 1775","publisher":{"@id":"https:\/\/www.hauller.fr\/#organization"},"potentialAction":[{"@type":"SearchAction","target":{"@type":"EntryPoint","urlTemplate":"https:\/\/www.hauller.fr\/?s={search_term_string}"},"query-input":{"@type":"PropertyValueSpecification","valueRequired":true,"valueName":"search_term_string"}}],"inLanguage":"en-US"},{"@type":"Organization","@id":"https:\/\/www.hauller.fr\/#organization","name":"Hauller J. et Fils SA","url":"https:\/\/www.hauller.fr\/","logo":{"@type":"ImageObject","inLanguage":"en-US","@id":"https:\/\/www.hauller.fr\/#\/schema\/logo\/image\/","url":"https:\/\/www.hauller.fr\/wp-content\/uploads\/2014\/10\/logo-maison-hauller_1701.png","contentUrl":"https:\/\/www.hauller.fr\/wp-content\/uploads\/2014\/10\/logo-maison-hauller_1701.png","width":170,"height":140,"caption":"Hauller J. et Fils SA"},"image":{"@id":"https:\/\/www.hauller.fr\/#\/schema\/logo\/image\/"}}]}},"_links":{"self":[{"href":"https:\/\/www.hauller.fr\/en\/wp-json\/wp\/v2\/pages\/1316","targetHints":{"allow":["GET"]}}],"collection":[{"href":"https:\/\/www.hauller.fr\/en\/wp-json\/wp\/v2\/pages"}],"about":[{"href":"https:\/\/www.hauller.fr\/en\/wp-json\/wp\/v2\/types\/page"}],"author":[{"embeddable":true,"href":"https:\/\/www.hauller.fr\/en\/wp-json\/wp\/v2\/users\/3"}],"replies":[{"embeddable":true,"href":"https:\/\/www.hauller.fr\/en\/wp-json\/wp\/v2\/comments?post=1316"}],"version-history":[{"count":3,"href":"https:\/\/www.hauller.fr\/en\/wp-json\/wp\/v2\/pages\/1316\/revisions"}],"predecessor-version":[{"id":1318,"href":"https:\/\/www.hauller.fr\/en\/wp-json\/wp\/v2\/pages\/1316\/revisions\/1318"}],"wp:featuredmedia":[{"embeddable":true,"href":"https:\/\/www.hauller.fr\/en\/wp-json\/wp\/v2\/media\/1304"}],"wp:attachment":[{"href":"https:\/\/www.hauller.fr\/en\/wp-json\/wp\/v2\/media?parent=1316"}],"curies":[{"name":"wp","href":"https:\/\/api.w.org\/{rel}","templated":true}]}}